{"id":7468,"date":"2025-06-11T07:33:42","date_gmt":"2025-06-11T05:33:42","guid":{"rendered":"https:\/\/lafermedes3pommes.fr\/?page_id=7468"},"modified":"2025-07-17T11:29:46","modified_gmt":"2025-07-17T09:29:46","slug":"contactez-nous","status":"publish","type":"page","link":"https:\/\/lafermedes3pommes.fr\/index.php\/contactez-nous\/","title":{"rendered":"Contactez-nous !"},"content":{"rendered":"\t\t<div data-elementor-type=\"wp-page\" data-elementor-id=\"7468\" class=\"elementor elementor-7468\">\n\t\t\t\t<div class=\"elementor-element elementor-element-45ab6f7 e-con-full e-flex e-con e-parent\" data-id=\"45ab6f7\" data-element_type=\"container\" data-settings=\"{&quot;background_background&quot;:&quot;classic&quot;,&quot;animation&quot;:&quot;none&quot;}\">\n\t\t\t\t<\/div>\n\t\t<div class=\"elementor-element elementor-element-7712755 e-con-full e-flex e-con e-parent\" data-id=\"7712755\" data-element_type=\"container\" data-settings=\"{&quot;background_background&quot;:&quot;classic&quot;}\">\n\t\t\t\t<div class=\"elementor-element elementor-element-ab42dad elementor-widget elementor-widget-image\" data-id=\"ab42dad\" data-element_type=\"widget\" data-widget_type=\"image.default\">\n\t\t\t\t<div class=\"elementor-widget-container\">\n\t\t\t\t\t\t\t\t\t\t\t\t\t\t\t<img fetchpriority=\"high\" decoding=\"async\" width=\"1536\" height=\"332\" src=\"https:\/\/lafermedes3pommes.fr\/wp-content\/uploads\/2025\/06\/ferme-3-pommes-contact.jpg\" class=\"attachment-full size-full wp-image-7413\" alt=\"\" srcset=\"https:\/\/lafermedes3pommes.fr\/wp-content\/uploads\/2025\/06\/ferme-3-pommes-contact.jpg 1536w, https:\/\/lafermedes3pommes.fr\/wp-content\/uploads\/2025\/06\/ferme-3-pommes-contact-300x65.jpg 300w, https:\/\/lafermedes3pommes.fr\/wp-content\/uploads\/2025\/06\/ferme-3-pommes-contact-1024x221.jpg 1024w, https:\/\/lafermedes3pommes.fr\/wp-content\/uploads\/2025\/06\/ferme-3-pommes-contact-600x130.jpg 600w, https:\/\/lafermedes3pommes.fr\/wp-content\/uploads\/2025\/06\/ferme-3-pommes-contact-1200x259.jpg 1200w\" sizes=\"100vw\" \/>\t\t\t\t\t\t\t\t\t\t\t\t\t\t\t<\/div>\n\t\t\t\t<\/div>\n\t\t\t\t<\/div>\n\t\t<div class=\"elementor-element elementor-element-7fb95dc e-con-full e-flex e-con e-parent\" data-id=\"7fb95dc\" data-element_type=\"container\" data-settings=\"{&quot;background_background&quot;:&quot;classic&quot;}\">\n\t\t<div class=\"elementor-element elementor-element-63f54c5 e-con-full e-flex e-con e-child\" data-id=\"63f54c5\" data-element_type=\"container\">\n\t\t\t\t<div class=\"elementor-element elementor-element-29e9351 elementor-widget__width-inherit elementor-widget elementor-widget-text-editor\" data-id=\"29e9351\" data-element_type=\"widget\" data-widget_type=\"text-editor.default\">\n\t\t\t\t<div class=\"elementor-widget-container\">\n\t\t\t\t\t\t\t\t\t<h1><b>Contacts<br \/><\/b><\/h1><p><em><strong>Retrouvez nous \u00e0 la ferme !<\/strong><\/em><\/p><p><b>30 rue principale<br \/>62190 BOURECQ<\/b><\/p><p><em><b>Par email ou t\u00e9l\u00e9phone :<br \/><\/b><\/em><a href=\"mailto:contact@lafermedes3pommes.fr\">contact@lafermedes3pommes.fr<\/a> <br \/>06 88 68 17 73<br \/><br \/><strong><em>Ou remplissez le formulaire ci-dessous pour nous contacter.<\/em><\/strong><\/p>\t\t\t\t\t\t\t\t<\/div>\n\t\t\t\t<\/div>\n\t\t\t\t<\/div>\n\t\t\t\t<\/div>\n\t\t<div class=\"elementor-element elementor-element-fb22df7 e-flex e-con-boxed e-con e-parent\" data-id=\"fb22df7\" data-element_type=\"container\">\n\t\t\t\t\t<div class=\"e-con-inner\">\n\t\t\t\t<div class=\"elementor-element elementor-element-70f774b elementor-widget elementor-widget-wpzoom-forms-widget-cpt\" data-id=\"70f774b\" data-element_type=\"widget\" data-widget_type=\"wpzoom-forms-widget-cpt.default\">\n\t\t\t\t<div class=\"elementor-widget-container\">\n\t\t\t\t\t<style>#wpzf-6830 + .notice { margin-top: 20px; padding: 15px; border-radius: 4px; }#wpzf-6830 + .notice.success { background-color: #e7f7ed; color: #227045; border-left: 4px solid #46b450; }#wpzf-6830 + .notice.error { background-color: #fde8e8; color: #8a1f11; border-left: 4px solid #cc0000; }#wpzf-6830 + .notice p { margin: 0; }<\/style><!-- ZOOM Forms Start -->\n\t\t\t<form id=\"wpzf-6830\" method=\"post\" action=\"https:\/\/lafermedes3pommes.fr\/wp-admin\/admin-post.php\" class=\"wpzoom-forms_form\">\n\t\t\t<input type=\"hidden\" name=\"action\" value=\"wpzf_submit\" \/>\n\t\t\t<input type=\"hidden\" name=\"form_id\" value=\"6830\" \/>\n\t\t\t<input type=\"hidden\" id=\"_wpnonce\" name=\"_wpnonce\" value=\"a2029485bc\" \/><input type=\"hidden\" name=\"_wp_http_referer\" value=\"\/index.php\/wp-json\/wp\/v2\/pages\/7468\" \/>\n\t\t\t\n<div class=\"wp-block-wpzoom-forms-form\">\n<div class=\"wp-block-group\">\n<div class=\"wp-block-columns\">\n<div class=\"wp-block-column\" style=\"flex-basis:100%\">\n<label for=\"input_name\"><label for=\"input_name\">Nom<\/label><sup class=\"wp-block-wpzoom-forms-required\">*<\/sup><\/label><input type=\"text\" name=\"wpzf_input_name\" id=\"input_name\" placeholder=\"\" required class=\"wp-block-wpzoom-forms-text-name-field fullwidth\"\/>\n\n\n\n<label for=\"input_email\"><label for=\"input_email\">Email<\/label><sup class=\"wp-block-wpzoom-forms-required\">*<\/sup><\/label><input type=\"email\" name=\"wpzf_input_email\" id=\"input_email\" placeholder=\"\" required data-replyto=\"true\" class=\"wp-block-wpzoom-forms-text-email-field fullwidth\"\/>\n\n\n\n<label for=\"input_603f4fa1\"><label for=\"input_603f4fa1\">Sujet<\/label><\/label><input type=\"text\" name=\"wpzf_input_603f4fa1\" id=\"input_603f4fa1\" placeholder=\"\" data-subject=\"true\" class=\"wp-block-wpzoom-forms-text-plain-field fullwidth\"\/>\n\n\n\n<label for=\"input_message\"><label for=\"input_message\">Message<\/label><sup class=\"wp-block-wpzoom-forms-required\">*<\/sup><\/label><textarea name=\"wpzf_input_message\" id=\"input_message\" cols=\"55\" rows=\"10\" placeholder=\"\" required class=\"wp-block-wpzoom-forms-textarea-field fullwidth\"><\/textarea>\n<\/div>\n<\/div>\n\n\n\n<div class=\"wp-block-columns\">\n<div class=\"wp-block-column\" style=\"flex-basis:30%\">\n<input   type=\"submit\" data-sitekey=\"\" data-callback=\"wpzf_submit\" data-action=\"submit\" data-badge=\"bottomright\"  id=\"input_submit\" value=\"Envoyer\"  class=\"wp-block-wpzoom-forms-submit-field g-recaptcha\"\/>\n<\/div>\n\n\n\n<div class=\"wp-block-column\" style=\"flex-basis:70%\">\n<p class=\"has-text-align-right\" style=\"font-size:16px\">Les champs marqu\u00e9s d'une <strong class=\"has-accent-color has-text-color\">*<\/strong> sont obligatoires.<\/p>\n<\/div>\n<\/div>\n<\/div>\n<\/div>\n\n\t\t\t<input type=\"hidden\" name=\"wpzf_replyto\" value=\"wpzf_input_email\" \/><input type=\"hidden\" name=\"wpzf_subject\" value=\"wpzf_input_603f4fa1\" \/><\/form>\n\t\t\t\n\t\t\t<!-- ZOOM Forms End -->\t\t\t\t<\/div>\n\t\t\t\t<\/div>\n\t\t\t\t\t<\/div>\n\t\t\t\t<\/div>\n\t\t\t\t<\/div>\n\t\t","protected":false},"excerpt":{"rendered":"<p>Contacts Retrouvez nous \u00e0 la ferme ! 30 rue principale62190 BOURECQ Par email ou t\u00e9l\u00e9phone :contact@lafermedes3pommes.fr 06 88 68 17 73 Ou remplissez le formulaire ci-dessous pour nous contacter.<\/p>\n","protected":false},"author":1,"featured_media":0,"parent":0,"menu_order":0,"comment_status":"closed","ping_status":"closed","template":"elementor_header_footer","meta":{"footnotes":""},"class_list":["post-7468","page","type-page","status-publish","hentry"],"yoast_head":"<!-- This site is optimized with the Yoast SEO plugin v25.2 - https:\/\/yoast.com\/wordpress\/plugins\/seo\/ -->\n<title>Contactez-nous ! - La Ferme des 3 pommes<\/title>\n<meta name=\"robots\" content=\"index, follow, max-snippet:-1, max-image-preview:large, max-video-preview:-1\" \/>\n<link rel=\"canonical\" href=\"https:\/\/lafermedes3pommes.fr\/index.php\/contactez-nous\/\" \/>\n<meta property=\"og:locale\" content=\"fr_FR\" \/>\n<meta property=\"og:type\" content=\"article\" \/>\n<meta property=\"og:title\" content=\"Contactez-nous ! - La Ferme des 3 pommes\" \/>\n<meta property=\"og:description\" content=\"Contacts Retrouvez nous \u00e0 la ferme ! 30 rue principale62190 BOURECQ Par email ou t\u00e9l\u00e9phone :contact@lafermedes3pommes.fr 06 88 68 17 73 Ou remplissez le formulaire ci-dessous pour nous contacter.\" \/>\n<meta property=\"og:url\" content=\"https:\/\/lafermedes3pommes.fr\/index.php\/contactez-nous\/\" \/>\n<meta property=\"og:site_name\" content=\"La Ferme des 3 pommes\" \/>\n<meta property=\"article:modified_time\" content=\"2025-07-17T09:29:46+00:00\" \/>\n<meta property=\"og:image\" content=\"http:\/\/lafermedes3pommes.fr\/wp-content\/uploads\/2025\/06\/ferme-3-pommes-contact.jpg\" \/>\n<meta name=\"twitter:card\" content=\"summary_large_image\" \/>\n<meta name=\"twitter:label1\" content=\"Dur\u00e9e de lecture estim\u00e9e\" \/>\n\t<meta name=\"twitter:data1\" content=\"1 minute\" \/>\n<script type=\"application\/ld+json\" class=\"yoast-schema-graph\">{\"@context\":\"https:\/\/schema.org\",\"@graph\":[{\"@type\":\"WebPage\",\"@id\":\"https:\/\/lafermedes3pommes.fr\/index.php\/contactez-nous\/\",\"url\":\"https:\/\/lafermedes3pommes.fr\/index.php\/contactez-nous\/\",\"name\":\"Contactez-nous ! - La Ferme des 3 pommes\",\"isPartOf\":{\"@id\":\"https:\/\/lafermedes3pommes.fr\/#website\"},\"primaryImageOfPage\":{\"@id\":\"https:\/\/lafermedes3pommes.fr\/index.php\/contactez-nous\/#primaryimage\"},\"image\":{\"@id\":\"https:\/\/lafermedes3pommes.fr\/index.php\/contactez-nous\/#primaryimage\"},\"thumbnailUrl\":\"http:\/\/lafermedes3pommes.fr\/wp-content\/uploads\/2025\/06\/ferme-3-pommes-contact.jpg\",\"datePublished\":\"2025-06-11T05:33:42+00:00\",\"dateModified\":\"2025-07-17T09:29:46+00:00\",\"breadcrumb\":{\"@id\":\"https:\/\/lafermedes3pommes.fr\/index.php\/contactez-nous\/#breadcrumb\"},\"inLanguage\":\"fr-FR\",\"potentialAction\":[{\"@type\":\"ReadAction\",\"target\":[\"https:\/\/lafermedes3pommes.fr\/index.php\/contactez-nous\/\"]}]},{\"@type\":\"ImageObject\",\"inLanguage\":\"fr-FR\",\"@id\":\"https:\/\/lafermedes3pommes.fr\/index.php\/contactez-nous\/#primaryimage\",\"url\":\"https:\/\/lafermedes3pommes.fr\/wp-content\/uploads\/2025\/06\/ferme-3-pommes-contact.jpg\",\"contentUrl\":\"https:\/\/lafermedes3pommes.fr\/wp-content\/uploads\/2025\/06\/ferme-3-pommes-contact.jpg\",\"width\":1536,\"height\":332},{\"@type\":\"BreadcrumbList\",\"@id\":\"https:\/\/lafermedes3pommes.fr\/index.php\/contactez-nous\/#breadcrumb\",\"itemListElement\":[{\"@type\":\"ListItem\",\"position\":1,\"name\":\"Accueil\",\"item\":\"https:\/\/lafermedes3pommes.fr\/\"},{\"@type\":\"ListItem\",\"position\":2,\"name\":\"Contactez-nous !\"}]},{\"@type\":\"WebSite\",\"@id\":\"https:\/\/lafermedes3pommes.fr\/#website\",\"url\":\"https:\/\/lafermedes3pommes.fr\/\",\"name\":\"La Ferme des 3 pommes\",\"description\":\"\",\"publisher\":{\"@id\":\"https:\/\/lafermedes3pommes.fr\/#organization\"},\"potentialAction\":[{\"@type\":\"SearchAction\",\"target\":{\"@type\":\"EntryPoint\",\"urlTemplate\":\"https:\/\/lafermedes3pommes.fr\/?s={search_term_string}\"},\"query-input\":{\"@type\":\"PropertyValueSpecification\",\"valueRequired\":true,\"valueName\":\"search_term_string\"}}],\"inLanguage\":\"fr-FR\"},{\"@type\":\"Organization\",\"@id\":\"https:\/\/lafermedes3pommes.fr\/#organization\",\"name\":\"La Ferme des 3 pommes\",\"url\":\"https:\/\/lafermedes3pommes.fr\/\",\"logo\":{\"@type\":\"ImageObject\",\"inLanguage\":\"fr-FR\",\"@id\":\"https:\/\/lafermedes3pommes.fr\/#\/schema\/logo\/image\/\",\"url\":\"https:\/\/lafermedes3pommes.fr\/wp-content\/uploads\/2025\/05\/cropped-logo-ferme-des-3-pommes-2.png\",\"contentUrl\":\"https:\/\/lafermedes3pommes.fr\/wp-content\/uploads\/2025\/05\/cropped-logo-ferme-des-3-pommes-2.png\",\"width\":702,\"height\":162,\"caption\":\"La Ferme des 3 pommes\"},\"image\":{\"@id\":\"https:\/\/lafermedes3pommes.fr\/#\/schema\/logo\/image\/\"}}]}<\/script>\n<!-- \/ Yoast SEO plugin. -->","yoast_head_json":{"title":"Contactez-nous ! - La Ferme des 3 pommes","robots":{"index":"index","follow":"follow","max-snippet":"max-snippet:-1","max-image-preview":"max-image-preview:large","max-video-preview":"max-video-preview:-1"},"canonical":"https:\/\/lafermedes3pommes.fr\/index.php\/contactez-nous\/","og_locale":"fr_FR","og_type":"article","og_title":"Contactez-nous ! - La Ferme des 3 pommes","og_description":"Contacts Retrouvez nous \u00e0 la ferme ! 30 rue principale62190 BOURECQ Par email ou t\u00e9l\u00e9phone :contact@lafermedes3pommes.fr 06 88 68 17 73 Ou remplissez le formulaire ci-dessous pour nous contacter.","og_url":"https:\/\/lafermedes3pommes.fr\/index.php\/contactez-nous\/","og_site_name":"La Ferme des 3 pommes","article_modified_time":"2025-07-17T09:29:46+00:00","og_image":[{"url":"http:\/\/lafermedes3pommes.fr\/wp-content\/uploads\/2025\/06\/ferme-3-pommes-contact.jpg","type":"","width":"","height":""}],"twitter_card":"summary_large_image","twitter_misc":{"Dur\u00e9e de lecture estim\u00e9e":"1 minute"},"schema":{"@context":"https:\/\/schema.org","@graph":[{"@type":"WebPage","@id":"https:\/\/lafermedes3pommes.fr\/index.php\/contactez-nous\/","url":"https:\/\/lafermedes3pommes.fr\/index.php\/contactez-nous\/","name":"Contactez-nous ! - La Ferme des 3 pommes","isPartOf":{"@id":"https:\/\/lafermedes3pommes.fr\/#website"},"primaryImageOfPage":{"@id":"https:\/\/lafermedes3pommes.fr\/index.php\/contactez-nous\/#primaryimage"},"image":{"@id":"https:\/\/lafermedes3pommes.fr\/index.php\/contactez-nous\/#primaryimage"},"thumbnailUrl":"http:\/\/lafermedes3pommes.fr\/wp-content\/uploads\/2025\/06\/ferme-3-pommes-contact.jpg","datePublished":"2025-06-11T05:33:42+00:00","dateModified":"2025-07-17T09:29:46+00:00","breadcrumb":{"@id":"https:\/\/lafermedes3pommes.fr\/index.php\/contactez-nous\/#breadcrumb"},"inLanguage":"fr-FR","potentialAction":[{"@type":"ReadAction","target":["https:\/\/lafermedes3pommes.fr\/index.php\/contactez-nous\/"]}]},{"@type":"ImageObject","inLanguage":"fr-FR","@id":"https:\/\/lafermedes3pommes.fr\/index.php\/contactez-nous\/#primaryimage","url":"https:\/\/lafermedes3pommes.fr\/wp-content\/uploads\/2025\/06\/ferme-3-pommes-contact.jpg","contentUrl":"https:\/\/lafermedes3pommes.fr\/wp-content\/uploads\/2025\/06\/ferme-3-pommes-contact.jpg","width":1536,"height":332},{"@type":"BreadcrumbList","@id":"https:\/\/lafermedes3pommes.fr\/index.php\/contactez-nous\/#breadcrumb","itemListElement":[{"@type":"ListItem","position":1,"name":"Accueil","item":"https:\/\/lafermedes3pommes.fr\/"},{"@type":"ListItem","position":2,"name":"Contactez-nous !"}]},{"@type":"WebSite","@id":"https:\/\/lafermedes3pommes.fr\/#website","url":"https:\/\/lafermedes3pommes.fr\/","name":"La Ferme des 3 pommes","description":"","publisher":{"@id":"https:\/\/lafermedes3pommes.fr\/#organization"},"potentialAction":[{"@type":"SearchAction","target":{"@type":"EntryPoint","urlTemplate":"https:\/\/lafermedes3pommes.fr\/?s={search_term_string}"},"query-input":{"@type":"PropertyValueSpecification","valueRequired":true,"valueName":"search_term_string"}}],"inLanguage":"fr-FR"},{"@type":"Organization","@id":"https:\/\/lafermedes3pommes.fr\/#organization","name":"La Ferme des 3 pommes","url":"https:\/\/lafermedes3pommes.fr\/","logo":{"@type":"ImageObject","inLanguage":"fr-FR","@id":"https:\/\/lafermedes3pommes.fr\/#\/schema\/logo\/image\/","url":"https:\/\/lafermedes3pommes.fr\/wp-content\/uploads\/2025\/05\/cropped-logo-ferme-des-3-pommes-2.png","contentUrl":"https:\/\/lafermedes3pommes.fr\/wp-content\/uploads\/2025\/05\/cropped-logo-ferme-des-3-pommes-2.png","width":702,"height":162,"caption":"La Ferme des 3 pommes"},"image":{"@id":"https:\/\/lafermedes3pommes.fr\/#\/schema\/logo\/image\/"}}]}},"featured_media_urls":[],"_links":{"self":[{"href":"https:\/\/lafermedes3pommes.fr\/index.php\/wp-json\/wp\/v2\/pages\/7468","targetHints":{"allow":["GET"]}}],"collection":[{"href":"https:\/\/lafermedes3pommes.fr\/index.php\/wp-json\/wp\/v2\/pages"}],"about":[{"href":"https:\/\/lafermedes3pommes.fr\/index.php\/wp-json\/wp\/v2\/types\/page"}],"author":[{"embeddable":true,"href":"https:\/\/lafermedes3pommes.fr\/index.php\/wp-json\/wp\/v2\/users\/1"}],"replies":[{"embeddable":true,"href":"https:\/\/lafermedes3pommes.fr\/index.php\/wp-json\/wp\/v2\/comments?post=7468"}],"version-history":[{"count":7,"href":"https:\/\/lafermedes3pommes.fr\/index.php\/wp-json\/wp\/v2\/pages\/7468\/revisions"}],"predecessor-version":[{"id":7661,"href":"https:\/\/lafermedes3pommes.fr\/index.php\/wp-json\/wp\/v2\/pages\/7468\/revisions\/7661"}],"wp:attachment":[{"href":"https:\/\/lafermedes3pommes.fr\/index.php\/wp-json\/wp\/v2\/media?parent=7468"}],"curies":[{"name":"wp","href":"https:\/\/api.w.org\/{rel}","templated":true}]}}