{"id":7307,"date":"2025-05-29T23:52:58","date_gmt":"2025-05-29T21:52:58","guid":{"rendered":"https:\/\/lafermedes3pommes.fr\/?page_id=7307"},"modified":"2025-07-17T10:38:35","modified_gmt":"2025-07-17T08:38:35","slug":"le-campus-vert","status":"publish","type":"page","link":"https:\/\/lafermedes3pommes.fr\/index.php\/le-campus-vert\/","title":{"rendered":"Le Campus Vert"},"content":{"rendered":"\t\t<div data-elementor-type=\"wp-page\" data-elementor-id=\"7307\" class=\"elementor elementor-7307\">\n\t\t\t\t<div class=\"elementor-element elementor-element-45ab6f7 e-con-full e-flex e-con e-parent\" data-id=\"45ab6f7\" data-element_type=\"container\" data-settings=\"{&quot;background_background&quot;:&quot;classic&quot;,&quot;animation&quot;:&quot;none&quot;}\">\n\t\t\t\t<\/div>\n\t\t<div class=\"elementor-element elementor-element-7712755 e-con-full e-flex e-con e-parent\" data-id=\"7712755\" data-element_type=\"container\" data-settings=\"{&quot;background_background&quot;:&quot;classic&quot;}\">\n\t\t\t\t<div class=\"elementor-element elementor-element-2d47714 elementor-widget elementor-widget-image\" data-id=\"2d47714\" data-element_type=\"widget\" data-widget_type=\"image.default\">\n\t\t\t\t<div class=\"elementor-widget-container\">\n\t\t\t\t\t\t\t\t\t\t\t\t\t\t\t<img fetchpriority=\"high\" decoding=\"async\" width=\"2048\" height=\"458\" src=\"https:\/\/lafermedes3pommes.fr\/wp-content\/uploads\/2025\/06\/ferme-3-pommes-bandeau-logement-etudiant2.jpg\" class=\"attachment-full size-full wp-image-7400\" alt=\"\" srcset=\"https:\/\/lafermedes3pommes.fr\/wp-content\/uploads\/2025\/06\/ferme-3-pommes-bandeau-logement-etudiant2.jpg 2048w, https:\/\/lafermedes3pommes.fr\/wp-content\/uploads\/2025\/06\/ferme-3-pommes-bandeau-logement-etudiant2-300x67.jpg 300w, https:\/\/lafermedes3pommes.fr\/wp-content\/uploads\/2025\/06\/ferme-3-pommes-bandeau-logement-etudiant2-1024x229.jpg 1024w, https:\/\/lafermedes3pommes.fr\/wp-content\/uploads\/2025\/06\/ferme-3-pommes-bandeau-logement-etudiant2-2000x447.jpg 2000w, https:\/\/lafermedes3pommes.fr\/wp-content\/uploads\/2025\/06\/ferme-3-pommes-bandeau-logement-etudiant2-1536x344.jpg 1536w, https:\/\/lafermedes3pommes.fr\/wp-content\/uploads\/2025\/06\/ferme-3-pommes-bandeau-logement-etudiant2-600x134.jpg 600w, https:\/\/lafermedes3pommes.fr\/wp-content\/uploads\/2025\/06\/ferme-3-pommes-bandeau-logement-etudiant2-1200x268.jpg 1200w\" sizes=\"100vw\" \/>\t\t\t\t\t\t\t\t\t\t\t\t\t\t\t<\/div>\n\t\t\t\t<\/div>\n\t\t\t\t<\/div>\n\t\t<div class=\"elementor-element elementor-element-7fb95dc e-con-full e-flex e-con e-parent\" data-id=\"7fb95dc\" data-element_type=\"container\" data-settings=\"{&quot;background_background&quot;:&quot;classic&quot;}\">\n\t\t<div class=\"elementor-element elementor-element-63f54c5 e-con-full e-flex e-con e-child\" data-id=\"63f54c5\" data-element_type=\"container\">\n\t\t\t\t<div class=\"elementor-element elementor-element-3ed249f elementor-widget elementor-widget-image\" data-id=\"3ed249f\" data-element_type=\"widget\" data-widget_type=\"image.default\">\n\t\t\t\t<div class=\"elementor-widget-container\">\n\t\t\t\t\t\t\t\t\t\t\t\t\t\t\t<img decoding=\"async\" width=\"274\" height=\"100\" src=\"https:\/\/lafermedes3pommes.fr\/wp-content\/uploads\/2025\/05\/ferme-3-pommes-campus-vert-logo.jpg\" class=\"attachment-full size-full wp-image-7311\" alt=\"\" sizes=\"100vw\" \/>\t\t\t\t\t\t\t\t\t\t\t\t\t\t\t<\/div>\n\t\t\t\t<\/div>\n\t\t\t\t<div class=\"elementor-element elementor-element-29e9351 elementor-widget__width-inherit elementor-widget elementor-widget-text-editor\" data-id=\"29e9351\" data-element_type=\"widget\" data-widget_type=\"text-editor.default\">\n\t\t\t\t<div class=\"elementor-widget-container\">\n\t\t\t\t\t\t\t\t\t<h1><b>Le Campus Vert<\/b><\/h1><h4><strong style=\"font-size: 1.5rem;\">\u00c9tudiants, apprentis, stagiaires\u2026<\/strong><\/h4><p><em><strong>Louez un logement \u00e9tudiant \u00e0 la campagne \u00e0 un prix attractif\u00a0!<\/strong><\/em><\/p><p>Nous avons 7 logements am\u00e9nag\u00e9s dans nos granges, tous meubl\u00e9s pour 2.<br \/>Vous \u00eates chez vous tout en habitant proche de la ferme.<br \/>Vous avez un jardin et une place de parking dans la ferme. <br \/>La fibre est incluse dans le loyer.<br \/>Rendez-vous sur www.campusvert.com et faites votre demande de logements en choisissant<br \/>la ville de B\u00e9thune\/St Venant\u00a0!<b><br \/><\/b><br \/><b>Renseignements :<\/b>\u00a0<a href=\"mailto:contact@lafermedes3pommes.fr\">contact@lafermedes3pommes.fr<\/a>\u00a0\/ 06 88 68 17 73<\/p>\t\t\t\t\t\t\t\t<\/div>\n\t\t\t\t<\/div>\n\t\t\t\t<\/div>\n\t\t\t\t<\/div>\n\t\t<div class=\"elementor-element elementor-element-10cc2d8 e-con-full e-flex e-con e-parent\" data-id=\"10cc2d8\" data-element_type=\"container\" data-settings=\"{&quot;background_background&quot;:&quot;classic&quot;}\">\n\t\t\t\t<div class=\"elementor-element elementor-element-39faffb elementor-widget elementor-widget-image\" data-id=\"39faffb\" data-element_type=\"widget\" data-widget_type=\"image.default\">\n\t\t\t\t<div class=\"elementor-widget-container\">\n\t\t\t\t\t\t\t\t\t\t\t\t\t\t\t<img decoding=\"async\" width=\"1920\" height=\"250\" src=\"https:\/\/lafermedes3pommes.fr\/wp-content\/uploads\/2025\/05\/ferme-3-pommes-bandeau-logement-etudiant.jpg\" class=\"attachment-full size-full wp-image-7312\" alt=\"\" srcset=\"https:\/\/lafermedes3pommes.fr\/wp-content\/uploads\/2025\/05\/ferme-3-pommes-bandeau-logement-etudiant.jpg 1920w, https:\/\/lafermedes3pommes.fr\/wp-content\/uploads\/2025\/05\/ferme-3-pommes-bandeau-logement-etudiant-300x39.jpg 300w, https:\/\/lafermedes3pommes.fr\/wp-content\/uploads\/2025\/05\/ferme-3-pommes-bandeau-logement-etudiant-1024x133.jpg 1024w, https:\/\/lafermedes3pommes.fr\/wp-content\/uploads\/2025\/05\/ferme-3-pommes-bandeau-logement-etudiant-1536x200.jpg 1536w, https:\/\/lafermedes3pommes.fr\/wp-content\/uploads\/2025\/05\/ferme-3-pommes-bandeau-logement-etudiant-600x78.jpg 600w, https:\/\/lafermedes3pommes.fr\/wp-content\/uploads\/2025\/05\/ferme-3-pommes-bandeau-logement-etudiant-1200x156.jpg 1200w\" sizes=\"100vw\" \/>\t\t\t\t\t\t\t\t\t\t\t\t\t\t\t<\/div>\n\t\t\t\t<\/div>\n\t\t\t\t<\/div>\n\t\t\t\t<\/div>\n\t\t","protected":false},"excerpt":{"rendered":"<p>Le Campus Vert \u00c9tudiants, apprentis, stagiaires\u2026 Louez un logement \u00e9tudiant \u00e0 la campagne \u00e0 un prix attractif\u00a0! Nous avons 7 logements am\u00e9nag\u00e9s dans nos granges, tous meubl\u00e9s pour 2.Vous \u00eates chez vous tout en habitant proche de la ferme.Vous avez un jardin et une place de parking dans la ferme. La fibre est incluse dans &hellip; <\/p>\n<p class=\"link-more\"><a href=\"https:\/\/lafermedes3pommes.fr\/index.php\/le-campus-vert\/\" class=\"more-link\">Lire la suite de<span class=\"screen-reader-text\">\u00ab\u00a0Le Campus Vert\u00a0\u00bb<\/span><\/a><\/p>\n","protected":false},"author":1,"featured_media":0,"parent":0,"menu_order":0,"comment_status":"closed","ping_status":"closed","template":"elementor_header_footer","meta":{"footnotes":""},"class_list":["post-7307","page","type-page","status-publish","hentry"],"yoast_head":"<!-- This site is optimized with the Yoast SEO plugin v25.2 - https:\/\/yoast.com\/wordpress\/plugins\/seo\/ -->\n<title>Le Campus Vert - La Ferme des 3 pommes<\/title>\n<meta name=\"robots\" content=\"index, follow, max-snippet:-1, max-image-preview:large, max-video-preview:-1\" \/>\n<link rel=\"canonical\" href=\"https:\/\/lafermedes3pommes.fr\/index.php\/le-campus-vert\/\" \/>\n<meta property=\"og:locale\" content=\"fr_FR\" \/>\n<meta property=\"og:type\" content=\"article\" \/>\n<meta property=\"og:title\" content=\"Le Campus Vert - La Ferme des 3 pommes\" \/>\n<meta property=\"og:description\" content=\"Le Campus Vert \u00c9tudiants, apprentis, stagiaires\u2026 Louez un logement \u00e9tudiant \u00e0 la campagne \u00e0 un prix attractif\u00a0! Nous avons 7 logements am\u00e9nag\u00e9s dans nos granges, tous meubl\u00e9s pour 2.Vous \u00eates chez vous tout en habitant proche de la ferme.Vous avez un jardin et une place de parking dans la ferme. La fibre est incluse dans &hellip; Lire la suite de\u00ab\u00a0Le Campus Vert\u00a0\u00bb\" \/>\n<meta property=\"og:url\" content=\"https:\/\/lafermedes3pommes.fr\/index.php\/le-campus-vert\/\" \/>\n<meta property=\"og:site_name\" content=\"La Ferme des 3 pommes\" \/>\n<meta property=\"article:modified_time\" content=\"2025-07-17T08:38:35+00:00\" \/>\n<meta property=\"og:image\" content=\"http:\/\/lafermedes3pommes.fr\/wp-content\/uploads\/2025\/06\/ferme-3-pommes-bandeau-logement-etudiant2.jpg\" \/>\n<meta name=\"twitter:card\" content=\"summary_large_image\" \/>\n<meta name=\"twitter:label1\" content=\"Dur\u00e9e de lecture estim\u00e9e\" \/>\n\t<meta name=\"twitter:data1\" content=\"2 minutes\" \/>\n<script type=\"application\/ld+json\" class=\"yoast-schema-graph\">{\"@context\":\"https:\/\/schema.org\",\"@graph\":[{\"@type\":\"WebPage\",\"@id\":\"https:\/\/lafermedes3pommes.fr\/index.php\/le-campus-vert\/\",\"url\":\"https:\/\/lafermedes3pommes.fr\/index.php\/le-campus-vert\/\",\"name\":\"Le Campus Vert - La Ferme des 3 pommes\",\"isPartOf\":{\"@id\":\"https:\/\/lafermedes3pommes.fr\/#website\"},\"primaryImageOfPage\":{\"@id\":\"https:\/\/lafermedes3pommes.fr\/index.php\/le-campus-vert\/#primaryimage\"},\"image\":{\"@id\":\"https:\/\/lafermedes3pommes.fr\/index.php\/le-campus-vert\/#primaryimage\"},\"thumbnailUrl\":\"http:\/\/lafermedes3pommes.fr\/wp-content\/uploads\/2025\/06\/ferme-3-pommes-bandeau-logement-etudiant2.jpg\",\"datePublished\":\"2025-05-29T21:52:58+00:00\",\"dateModified\":\"2025-07-17T08:38:35+00:00\",\"breadcrumb\":{\"@id\":\"https:\/\/lafermedes3pommes.fr\/index.php\/le-campus-vert\/#breadcrumb\"},\"inLanguage\":\"fr-FR\",\"potentialAction\":[{\"@type\":\"ReadAction\",\"target\":[\"https:\/\/lafermedes3pommes.fr\/index.php\/le-campus-vert\/\"]}]},{\"@type\":\"ImageObject\",\"inLanguage\":\"fr-FR\",\"@id\":\"https:\/\/lafermedes3pommes.fr\/index.php\/le-campus-vert\/#primaryimage\",\"url\":\"https:\/\/lafermedes3pommes.fr\/wp-content\/uploads\/2025\/06\/ferme-3-pommes-bandeau-logement-etudiant2.jpg\",\"contentUrl\":\"https:\/\/lafermedes3pommes.fr\/wp-content\/uploads\/2025\/06\/ferme-3-pommes-bandeau-logement-etudiant2.jpg\",\"width\":2048,\"height\":458},{\"@type\":\"BreadcrumbList\",\"@id\":\"https:\/\/lafermedes3pommes.fr\/index.php\/le-campus-vert\/#breadcrumb\",\"itemListElement\":[{\"@type\":\"ListItem\",\"position\":1,\"name\":\"Accueil\",\"item\":\"https:\/\/lafermedes3pommes.fr\/\"},{\"@type\":\"ListItem\",\"position\":2,\"name\":\"Le Campus Vert\"}]},{\"@type\":\"WebSite\",\"@id\":\"https:\/\/lafermedes3pommes.fr\/#website\",\"url\":\"https:\/\/lafermedes3pommes.fr\/\",\"name\":\"La Ferme des 3 pommes\",\"description\":\"\",\"publisher\":{\"@id\":\"https:\/\/lafermedes3pommes.fr\/#organization\"},\"potentialAction\":[{\"@type\":\"SearchAction\",\"target\":{\"@type\":\"EntryPoint\",\"urlTemplate\":\"https:\/\/lafermedes3pommes.fr\/?s={search_term_string}\"},\"query-input\":{\"@type\":\"PropertyValueSpecification\",\"valueRequired\":true,\"valueName\":\"search_term_string\"}}],\"inLanguage\":\"fr-FR\"},{\"@type\":\"Organization\",\"@id\":\"https:\/\/lafermedes3pommes.fr\/#organization\",\"name\":\"La Ferme des 3 pommes\",\"url\":\"https:\/\/lafermedes3pommes.fr\/\",\"logo\":{\"@type\":\"ImageObject\",\"inLanguage\":\"fr-FR\",\"@id\":\"https:\/\/lafermedes3pommes.fr\/#\/schema\/logo\/image\/\",\"url\":\"https:\/\/lafermedes3pommes.fr\/wp-content\/uploads\/2025\/05\/cropped-logo-ferme-des-3-pommes-2.png\",\"contentUrl\":\"https:\/\/lafermedes3pommes.fr\/wp-content\/uploads\/2025\/05\/cropped-logo-ferme-des-3-pommes-2.png\",\"width\":702,\"height\":162,\"caption\":\"La Ferme des 3 pommes\"},\"image\":{\"@id\":\"https:\/\/lafermedes3pommes.fr\/#\/schema\/logo\/image\/\"}}]}<\/script>\n<!-- \/ Yoast SEO plugin. -->","yoast_head_json":{"title":"Le Campus Vert - La Ferme des 3 pommes","robots":{"index":"index","follow":"follow","max-snippet":"max-snippet:-1","max-image-preview":"max-image-preview:large","max-video-preview":"max-video-preview:-1"},"canonical":"https:\/\/lafermedes3pommes.fr\/index.php\/le-campus-vert\/","og_locale":"fr_FR","og_type":"article","og_title":"Le Campus Vert - La Ferme des 3 pommes","og_description":"Le Campus Vert \u00c9tudiants, apprentis, stagiaires\u2026 Louez un logement \u00e9tudiant \u00e0 la campagne \u00e0 un prix attractif\u00a0! Nous avons 7 logements am\u00e9nag\u00e9s dans nos granges, tous meubl\u00e9s pour 2.Vous \u00eates chez vous tout en habitant proche de la ferme.Vous avez un jardin et une place de parking dans la ferme. La fibre est incluse dans &hellip; Lire la suite de\u00ab\u00a0Le Campus Vert\u00a0\u00bb","og_url":"https:\/\/lafermedes3pommes.fr\/index.php\/le-campus-vert\/","og_site_name":"La Ferme des 3 pommes","article_modified_time":"2025-07-17T08:38:35+00:00","og_image":[{"url":"http:\/\/lafermedes3pommes.fr\/wp-content\/uploads\/2025\/06\/ferme-3-pommes-bandeau-logement-etudiant2.jpg","type":"","width":"","height":""}],"twitter_card":"summary_large_image","twitter_misc":{"Dur\u00e9e de lecture estim\u00e9e":"2 minutes"},"schema":{"@context":"https:\/\/schema.org","@graph":[{"@type":"WebPage","@id":"https:\/\/lafermedes3pommes.fr\/index.php\/le-campus-vert\/","url":"https:\/\/lafermedes3pommes.fr\/index.php\/le-campus-vert\/","name":"Le Campus Vert - La Ferme des 3 pommes","isPartOf":{"@id":"https:\/\/lafermedes3pommes.fr\/#website"},"primaryImageOfPage":{"@id":"https:\/\/lafermedes3pommes.fr\/index.php\/le-campus-vert\/#primaryimage"},"image":{"@id":"https:\/\/lafermedes3pommes.fr\/index.php\/le-campus-vert\/#primaryimage"},"thumbnailUrl":"http:\/\/lafermedes3pommes.fr\/wp-content\/uploads\/2025\/06\/ferme-3-pommes-bandeau-logement-etudiant2.jpg","datePublished":"2025-05-29T21:52:58+00:00","dateModified":"2025-07-17T08:38:35+00:00","breadcrumb":{"@id":"https:\/\/lafermedes3pommes.fr\/index.php\/le-campus-vert\/#breadcrumb"},"inLanguage":"fr-FR","potentialAction":[{"@type":"ReadAction","target":["https:\/\/lafermedes3pommes.fr\/index.php\/le-campus-vert\/"]}]},{"@type":"ImageObject","inLanguage":"fr-FR","@id":"https:\/\/lafermedes3pommes.fr\/index.php\/le-campus-vert\/#primaryimage","url":"https:\/\/lafermedes3pommes.fr\/wp-content\/uploads\/2025\/06\/ferme-3-pommes-bandeau-logement-etudiant2.jpg","contentUrl":"https:\/\/lafermedes3pommes.fr\/wp-content\/uploads\/2025\/06\/ferme-3-pommes-bandeau-logement-etudiant2.jpg","width":2048,"height":458},{"@type":"BreadcrumbList","@id":"https:\/\/lafermedes3pommes.fr\/index.php\/le-campus-vert\/#breadcrumb","itemListElement":[{"@type":"ListItem","position":1,"name":"Accueil","item":"https:\/\/lafermedes3pommes.fr\/"},{"@type":"ListItem","position":2,"name":"Le Campus Vert"}]},{"@type":"WebSite","@id":"https:\/\/lafermedes3pommes.fr\/#website","url":"https:\/\/lafermedes3pommes.fr\/","name":"La Ferme des 3 pommes","description":"","publisher":{"@id":"https:\/\/lafermedes3pommes.fr\/#organization"},"potentialAction":[{"@type":"SearchAction","target":{"@type":"EntryPoint","urlTemplate":"https:\/\/lafermedes3pommes.fr\/?s={search_term_string}"},"query-input":{"@type":"PropertyValueSpecification","valueRequired":true,"valueName":"search_term_string"}}],"inLanguage":"fr-FR"},{"@type":"Organization","@id":"https:\/\/lafermedes3pommes.fr\/#organization","name":"La Ferme des 3 pommes","url":"https:\/\/lafermedes3pommes.fr\/","logo":{"@type":"ImageObject","inLanguage":"fr-FR","@id":"https:\/\/lafermedes3pommes.fr\/#\/schema\/logo\/image\/","url":"https:\/\/lafermedes3pommes.fr\/wp-content\/uploads\/2025\/05\/cropped-logo-ferme-des-3-pommes-2.png","contentUrl":"https:\/\/lafermedes3pommes.fr\/wp-content\/uploads\/2025\/05\/cropped-logo-ferme-des-3-pommes-2.png","width":702,"height":162,"caption":"La Ferme des 3 pommes"},"image":{"@id":"https:\/\/lafermedes3pommes.fr\/#\/schema\/logo\/image\/"}}]}},"featured_media_urls":[],"_links":{"self":[{"href":"https:\/\/lafermedes3pommes.fr\/index.php\/wp-json\/wp\/v2\/pages\/7307","targetHints":{"allow":["GET"]}}],"collection":[{"href":"https:\/\/lafermedes3pommes.fr\/index.php\/wp-json\/wp\/v2\/pages"}],"about":[{"href":"https:\/\/lafermedes3pommes.fr\/index.php\/wp-json\/wp\/v2\/types\/page"}],"author":[{"embeddable":true,"href":"https:\/\/lafermedes3pommes.fr\/index.php\/wp-json\/wp\/v2\/users\/1"}],"replies":[{"embeddable":true,"href":"https:\/\/lafermedes3pommes.fr\/index.php\/wp-json\/wp\/v2\/comments?post=7307"}],"version-history":[{"count":37,"href":"https:\/\/lafermedes3pommes.fr\/index.php\/wp-json\/wp\/v2\/pages\/7307\/revisions"}],"predecessor-version":[{"id":7640,"href":"https:\/\/lafermedes3pommes.fr\/index.php\/wp-json\/wp\/v2\/pages\/7307\/revisions\/7640"}],"wp:attachment":[{"href":"https:\/\/lafermedes3pommes.fr\/index.php\/wp-json\/wp\/v2\/media?parent=7307"}],"curies":[{"name":"wp","href":"https:\/\/api.w.org\/{rel}","templated":true}]}}