{"id":7174,"date":"2025-05-29T16:20:26","date_gmt":"2025-05-29T14:20:26","guid":{"rendered":"https:\/\/lafermedes3pommes.fr\/?page_id=7174"},"modified":"2025-07-18T03:19:04","modified_gmt":"2025-07-18T01:19:04","slug":"la-ferme-pedagogique","status":"publish","type":"page","link":"https:\/\/lafermedes3pommes.fr\/index.php\/la-ferme-pedagogique\/","title":{"rendered":"La ferme p\u00e9dagogique"},"content":{"rendered":"\t\t<div data-elementor-type=\"wp-page\" data-elementor-id=\"7174\" class=\"elementor elementor-7174\">\n\t\t\t\t<div class=\"elementor-element elementor-element-45ab6f7 e-con-full e-flex e-con e-parent\" data-id=\"45ab6f7\" data-element_type=\"container\" data-settings=\"{&quot;background_background&quot;:&quot;classic&quot;,&quot;animation&quot;:&quot;none&quot;}\">\n\t\t\t\t<\/div>\n\t\t<div class=\"elementor-element elementor-element-7712755 e-con-full e-flex e-con e-parent\" data-id=\"7712755\" data-element_type=\"container\" data-settings=\"{&quot;background_background&quot;:&quot;classic&quot;}\">\n\t\t\t\t<div class=\"elementor-element elementor-element-ac03b35 elementor-widget elementor-widget-image\" data-id=\"ac03b35\" data-element_type=\"widget\" data-widget_type=\"image.default\">\n\t\t\t\t<div class=\"elementor-widget-container\">\n\t\t\t\t\t\t\t\t\t\t\t\t\t\t\t<img fetchpriority=\"high\" decoding=\"async\" width=\"1536\" height=\"482\" src=\"https:\/\/lafermedes3pommes.fr\/wp-content\/uploads\/2025\/05\/ferme-3-pommes-visite-1.jpg\" class=\"attachment-full size-full wp-image-24\" alt=\"\" srcset=\"https:\/\/lafermedes3pommes.fr\/wp-content\/uploads\/2025\/05\/ferme-3-pommes-visite-1.jpg 1536w, https:\/\/lafermedes3pommes.fr\/wp-content\/uploads\/2025\/05\/ferme-3-pommes-visite-1-300x94.jpg 300w, https:\/\/lafermedes3pommes.fr\/wp-content\/uploads\/2025\/05\/ferme-3-pommes-visite-1-1024x321.jpg 1024w, https:\/\/lafermedes3pommes.fr\/wp-content\/uploads\/2025\/05\/ferme-3-pommes-visite-1-768x241.jpg 768w, https:\/\/lafermedes3pommes.fr\/wp-content\/uploads\/2025\/05\/ferme-3-pommes-visite-1-600x188.jpg 600w, https:\/\/lafermedes3pommes.fr\/wp-content\/uploads\/2025\/05\/ferme-3-pommes-visite-1-1200x377.jpg 1200w\" sizes=\"100vw\" \/>\t\t\t\t\t\t\t\t\t\t\t\t\t\t\t<\/div>\n\t\t\t\t<\/div>\n\t\t\t\t<\/div>\n\t\t<div class=\"elementor-element elementor-element-7fb95dc e-flex e-con-boxed e-con e-parent\" data-id=\"7fb95dc\" data-element_type=\"container\" data-settings=\"{&quot;background_background&quot;:&quot;classic&quot;}\">\n\t\t\t\t\t<div class=\"e-con-inner\">\n\t\t<div class=\"elementor-element elementor-element-63f54c5 e-con-full e-flex e-con e-child\" data-id=\"63f54c5\" data-element_type=\"container\">\n\t\t\t\t<div class=\"elementor-element elementor-element-29e9351 elementor-widget elementor-widget-text-editor\" data-id=\"29e9351\" data-element_type=\"widget\" data-widget_type=\"text-editor.default\">\n\t\t\t\t<div class=\"elementor-widget-container\">\n\t\t\t\t\t\t\t\t\t<h1>La ferme et le Savoir Vert<strong>\u00a0\u00a0<\/strong><\/h1><p><strong>Le Savoir Vert<\/strong>\u00a0est un r\u00e9seau regroupant plus de 100 fermes p\u00e9dagogiques et plus de 138 agriculteurs et agricultrices form\u00e9s \u00e0 l\u2019accueil des \u00e9l\u00e8ves (de la maternelle au lyc\u00e9e).<\/p><ul><li>Des visites de fermes adapt\u00e9es aux cycles scolaires.<\/li><li>Des animations en lien avec le projet p\u00e9dagogique de l\u2019enseignant.<\/li><li>Une qualit\u00e9 p\u00e9dagogique connue et reconnue (Le Savoir Vert est agr\u00e9e par l\u2019\u00c9ducation nationale).<\/li><\/ul>\t\t\t\t\t\t\t\t<\/div>\n\t\t\t\t<\/div>\n\t\t\t\t<\/div>\n\t\t<div class=\"elementor-element elementor-element-c9d43d1 e-con-full e-flex e-con e-child\" data-id=\"c9d43d1\" data-element_type=\"container\">\n\t\t\t\t<div class=\"elementor-element elementor-element-d1d8c48 elementor-widget elementor-widget-image\" data-id=\"d1d8c48\" data-element_type=\"widget\" data-widget_type=\"image.default\">\n\t\t\t\t<div class=\"elementor-widget-container\">\n\t\t\t\t\t\t\t\t\t\t\t\t\t\t\t<img decoding=\"async\" width=\"200\" height=\"200\" src=\"https:\/\/lafermedes3pommes.fr\/wp-content\/uploads\/2025\/05\/ferme-3-pommes-savoir-vert-1-e1752736895558.jpg\" class=\"attachment-full size-full wp-image-20\" alt=\"\" sizes=\"100vw\" \/>\t\t\t\t\t\t\t\t\t\t\t\t\t\t\t<\/div>\n\t\t\t\t<\/div>\n\t\t\t\t<\/div>\n\t\t\t\t\t<\/div>\n\t\t\t\t<\/div>\n\t\t<div class=\"elementor-element elementor-element-10cc2d8 e-con-full e-flex e-con e-parent\" data-id=\"10cc2d8\" data-element_type=\"container\" data-settings=\"{&quot;background_background&quot;:&quot;classic&quot;}\">\n\t\t\t\t<div class=\"elementor-element elementor-element-e8d3a12 elementor-widget elementor-widget-image\" data-id=\"e8d3a12\" data-element_type=\"widget\" data-widget_type=\"image.default\">\n\t\t\t\t<div class=\"elementor-widget-container\">\n\t\t\t\t\t\t\t\t\t\t\t\t\t\t\t<img decoding=\"async\" width=\"1920\" height=\"250\" src=\"https:\/\/lafermedes3pommes.fr\/wp-content\/uploads\/2025\/05\/ferme-3-pommes-savoir-vert-pedagogique2.jpg\" class=\"attachment-full size-full wp-image-22\" alt=\"\" srcset=\"https:\/\/lafermedes3pommes.fr\/wp-content\/uploads\/2025\/05\/ferme-3-pommes-savoir-vert-pedagogique2.jpg 1920w, https:\/\/lafermedes3pommes.fr\/wp-content\/uploads\/2025\/05\/ferme-3-pommes-savoir-vert-pedagogique2-300x39.jpg 300w, https:\/\/lafermedes3pommes.fr\/wp-content\/uploads\/2025\/05\/ferme-3-pommes-savoir-vert-pedagogique2-1024x133.jpg 1024w, https:\/\/lafermedes3pommes.fr\/wp-content\/uploads\/2025\/05\/ferme-3-pommes-savoir-vert-pedagogique2-768x100.jpg 768w, https:\/\/lafermedes3pommes.fr\/wp-content\/uploads\/2025\/05\/ferme-3-pommes-savoir-vert-pedagogique2-1536x200.jpg 1536w, https:\/\/lafermedes3pommes.fr\/wp-content\/uploads\/2025\/05\/ferme-3-pommes-savoir-vert-pedagogique2-600x78.jpg 600w, https:\/\/lafermedes3pommes.fr\/wp-content\/uploads\/2025\/05\/ferme-3-pommes-savoir-vert-pedagogique2-1200x156.jpg 1200w\" sizes=\"100vw\" \/>\t\t\t\t\t\t\t\t\t\t\t\t\t\t\t<\/div>\n\t\t\t\t<\/div>\n\t\t\t\t<\/div>\n\t\t<div class=\"elementor-element elementor-element-e100d5f e-flex e-con-boxed e-con e-parent\" data-id=\"e100d5f\" data-element_type=\"container\" data-settings=\"{&quot;background_background&quot;:&quot;classic&quot;}\">\n\t\t\t\t\t<div class=\"e-con-inner\">\n\t\t\t\t<div class=\"elementor-element elementor-element-a6efd10 elementor-widget elementor-widget-text-editor\" data-id=\"a6efd10\" data-element_type=\"widget\" data-widget_type=\"text-editor.default\">\n\t\t\t\t<div class=\"elementor-widget-container\">\n\t\t\t\t\t\t\t\t\t<h1>La<strong> ferme p\u00e9dagogique des 3 pommes\u00a0<\/strong><\/h1><p><strong><em>Venez d\u00e9couvrir notre ferme, nos productions, nos animaux et apprenez \u00e0 cuisiner les pommes de terre !<\/em><\/strong><\/p><p>Vous pouvez passer la journ\u00e9e sur place et d\u00e9jeuner dans le verger ou \u00e0 l\u2019abri.<br \/>Nous pouvons associer une autre ferme p\u00e9dagogique proche de chez nous : <br \/><em><strong>Le jardin de Clem\u00a0<\/strong><\/em>\u00e0 Wittes<em><strong> :<\/strong> Chez moi, on mange les fleurs.<br \/><strong>Ferme\u00a0Pimerschen<\/strong><\/em> \u00e0 M\u00e9teren :<em> Petit cochon deviendra grand.<\/em><\/p><p>.Nous avons des poules, canards, lapins, ch\u00e8vres naines et poneys.<br \/>Nous pourrons les toucher, les nourrir, les observer, les comparer\u2026.<\/p><p><strong>Co\u00fbt de la visite :<\/strong> 150 \u20ac la visite de 2h30 pour une classe avec d\u00e9gustation \/ 45 \u20ac pris en charge par la r\u00e9gion Hauts-de-France. <br \/>100 visites offertes aux \u00e9coles de l\u2019agglom\u00e9ration B\u00e9thune Bruay.<\/p><p><strong>Renseignements :<\/strong>\u00a0<a href=\"mailto:contact@lafermedes3pommes.fr\">contact@lafermedes3pommes.fr<\/a>\u00a0\/ 06 88 68 17 73<\/p>\t\t\t\t\t\t\t\t<\/div>\n\t\t\t\t<\/div>\n\t\t<div class=\"elementor-element elementor-element-73770bb e-con-full e-flex e-con e-child\" data-id=\"73770bb\" data-element_type=\"container\">\n\t\t\t\t<div class=\"elementor-element elementor-element-ed7068e elementor-widget elementor-widget-image\" data-id=\"ed7068e\" data-element_type=\"widget\" data-widget_type=\"image.default\">\n\t\t\t\t<div class=\"elementor-widget-container\">\n\t\t\t\t\t\t\t\t\t\t\t\t\t\t\t<img loading=\"lazy\" decoding=\"async\" width=\"127\" height=\"100\" src=\"https:\/\/lafermedes3pommes.fr\/wp-content\/uploads\/2025\/05\/ferme-3-pommes-campus-vert-logements-education.jpg\" class=\"attachment-full size-full wp-image-7293\" alt=\"\" sizes=\"100vw\" \/>\t\t\t\t\t\t\t\t\t\t\t\t\t\t\t<\/div>\n\t\t\t\t<\/div>\n\t\t\t\t<div class=\"elementor-element elementor-element-567d4cd elementor-widget elementor-widget-image\" data-id=\"567d4cd\" data-element_type=\"widget\" data-widget_type=\"image.default\">\n\t\t\t\t<div class=\"elementor-widget-container\">\n\t\t\t\t\t\t\t\t\t\t\t\t\t\t\t<img loading=\"lazy\" decoding=\"async\" width=\"100\" height=\"100\" src=\"https:\/\/lafermedes3pommes.fr\/wp-content\/uploads\/2025\/07\/Region_Hauts-de-France_logo_2016.jpg\" class=\"attachment-full size-full wp-image-7681\" alt=\"\" sizes=\"100vw\" \/>\t\t\t\t\t\t\t\t\t\t\t\t\t\t\t<\/div>\n\t\t\t\t<\/div>\n\t\t\t\t<div class=\"elementor-element elementor-element-87d093c elementor-widget elementor-widget-image\" data-id=\"87d093c\" data-element_type=\"widget\" data-widget_type=\"image.default\">\n\t\t\t\t<div class=\"elementor-widget-container\">\n\t\t\t\t\t\t\t\t\t\t\t\t\t\t\t<img loading=\"lazy\" decoding=\"async\" width=\"121\" height=\"100\" src=\"https:\/\/lafermedes3pommes.fr\/wp-content\/uploads\/2025\/07\/Agglomeration-bethune-bruay.jpg\" class=\"attachment-large size-large wp-image-7682\" alt=\"\" sizes=\"100vw\" \/>\t\t\t\t\t\t\t\t\t\t\t\t\t\t\t<\/div>\n\t\t\t\t<\/div>\n\t\t\t\t<\/div>\n\t\t\t\t\t<\/div>\n\t\t\t\t<\/div>\n\t\t<div class=\"elementor-element elementor-element-b2b2913 e-flex e-con-boxed e-con e-parent\" data-id=\"b2b2913\" data-element_type=\"container\">\n\t\t\t\t\t<div class=\"e-con-inner\">\n\t\t\t\t<div class=\"elementor-element elementor-element-9cb7e70 elementor-widget elementor-widget-heading\" data-id=\"9cb7e70\" data-element_type=\"widget\" data-widget_type=\"heading.default\">\n\t\t\t\t<div class=\"elementor-widget-container\">\n\t\t\t\t\t<h1 class=\"elementor-heading-title elementor-size-default\">Les th\u00e9matiques propos\u00e9es lors des visites<\/h1>\t\t\t\t<\/div>\n\t\t\t\t<\/div>\n\t\t\t\t\t<\/div>\n\t\t\t\t<\/div>\n\t\t<div class=\"elementor-element elementor-element-c215b3c e-con-full e-flex e-con e-parent\" data-id=\"c215b3c\" data-element_type=\"container\" data-settings=\"{&quot;background_background&quot;:&quot;classic&quot;}\">\n\t\t<div class=\"elementor-element elementor-element-5ad7295 e-con-full e-flex e-con e-child\" data-id=\"5ad7295\" data-element_type=\"container\" data-settings=\"{&quot;background_background&quot;:&quot;classic&quot;}\">\n\t\t\t\t<div class=\"elementor-element elementor-element-4cdb6db elementor-widget elementor-widget-text-editor\" data-id=\"4cdb6db\" data-element_type=\"widget\" data-widget_type=\"text-editor.default\">\n\t\t\t\t<div class=\"elementor-widget-container\">\n\t\t\t\t\t\t\t\t\t<h3><strong>De la pomme de terre <br \/>\u00e0 la frite<\/strong><\/h3><p>Parce qu\u2019il est important de savoir comment poussent les pommes de terre pour r\u00e9aliser de nombreuses recettes faciles !<\/p>\t\t\t\t\t\t\t\t<\/div>\n\t\t\t\t<\/div>\n\t\t\t\t<\/div>\n\t\t<div class=\"elementor-element elementor-element-b8a53dd e-con-full e-flex e-con e-child\" data-id=\"b8a53dd\" data-element_type=\"container\" data-settings=\"{&quot;background_background&quot;:&quot;classic&quot;}\">\n\t\t\t\t<div class=\"elementor-element elementor-element-d5da141 elementor-widget elementor-widget-text-editor\" data-id=\"d5da141\" data-element_type=\"widget\" data-widget_type=\"text-editor.default\">\n\t\t\t\t<div class=\"elementor-widget-container\">\n\t\t\t\t\t\t\t\t\t<h3><strong>Du ma\u00efs au pop-corn<\/strong><\/h3><p>D\u00e9couvrez la production de ma\u00efs, de son semis jusqu\u2019\u00e0 la r\u00e9colte et<br \/>fabriquez les pop corn \u00e0 la ferme\u00a0!<\/p>\t\t\t\t\t\t\t\t<\/div>\n\t\t\t\t<\/div>\n\t\t\t\t<\/div>\n\t\t<div class=\"elementor-element elementor-element-6897d93 e-con-full e-flex e-con e-child\" data-id=\"6897d93\" data-element_type=\"container\" data-settings=\"{&quot;background_background&quot;:&quot;classic&quot;}\">\n\t\t\t\t<div class=\"elementor-element elementor-element-f34c882 elementor-widget elementor-widget-text-editor\" data-id=\"f34c882\" data-element_type=\"widget\" data-widget_type=\"text-editor.default\">\n\t\t\t\t<div class=\"elementor-widget-container\">\n\t\t\t\t\t\t\t\t\t<h3><strong>Du bl\u00e9 au pain<\/strong><\/h3><p>D\u00e9couvrir la plantation du bl\u00e9, la<br \/>r\u00e9colte, passer la graine au moulin et fabriquer du pain\u2026 d\u00e9guster !!<\/p>\t\t\t\t\t\t\t\t<\/div>\n\t\t\t\t<\/div>\n\t\t\t\t<\/div>\n\t\t\t\t<\/div>\n\t\t\t\t<\/div>\n\t\t","protected":false},"excerpt":{"rendered":"<p>La ferme et le Savoir Vert\u00a0\u00a0 Le Savoir Vert\u00a0est un r\u00e9seau regroupant plus de 100 fermes p\u00e9dagogiques et plus de 138 agriculteurs et agricultrices form\u00e9s \u00e0 l\u2019accueil des \u00e9l\u00e8ves (de la maternelle au lyc\u00e9e). Des visites de fermes adapt\u00e9es aux cycles scolaires. Des animations en lien avec le projet p\u00e9dagogique de l\u2019enseignant. Une qualit\u00e9 p\u00e9dagogique &hellip; <\/p>\n<p class=\"link-more\"><a href=\"https:\/\/lafermedes3pommes.fr\/index.php\/la-ferme-pedagogique\/\" class=\"more-link\">Lire la suite de<span class=\"screen-reader-text\">\u00ab\u00a0La ferme p\u00e9dagogique\u00a0\u00bb<\/span><\/a><\/p>\n","protected":false},"author":1,"featured_media":0,"parent":0,"menu_order":0,"comment_status":"closed","ping_status":"closed","template":"elementor_header_footer","meta":{"footnotes":""},"class_list":["post-7174","page","type-page","status-publish","hentry"],"yoast_head":"<!-- This site is optimized with the Yoast SEO plugin v25.2 - https:\/\/yoast.com\/wordpress\/plugins\/seo\/ -->\n<title>La ferme p\u00e9dagogique - La Ferme des 3 pommes<\/title>\n<meta name=\"robots\" content=\"index, follow, max-snippet:-1, max-image-preview:large, max-video-preview:-1\" \/>\n<link rel=\"canonical\" href=\"https:\/\/lafermedes3pommes.fr\/index.php\/la-ferme-pedagogique\/\" \/>\n<meta property=\"og:locale\" content=\"fr_FR\" \/>\n<meta property=\"og:type\" content=\"article\" \/>\n<meta property=\"og:title\" content=\"La ferme p\u00e9dagogique - La Ferme des 3 pommes\" \/>\n<meta property=\"og:description\" content=\"La ferme et le Savoir Vert\u00a0\u00a0 Le Savoir Vert\u00a0est un r\u00e9seau regroupant plus de 100 fermes p\u00e9dagogiques et plus de 138 agriculteurs et agricultrices form\u00e9s \u00e0 l\u2019accueil des \u00e9l\u00e8ves (de la maternelle au lyc\u00e9e). Des visites de fermes adapt\u00e9es aux cycles scolaires. Des animations en lien avec le projet p\u00e9dagogique de l\u2019enseignant. Une qualit\u00e9 p\u00e9dagogique &hellip; Lire la suite de\u00ab\u00a0La ferme p\u00e9dagogique\u00a0\u00bb\" \/>\n<meta property=\"og:url\" content=\"https:\/\/lafermedes3pommes.fr\/index.php\/la-ferme-pedagogique\/\" \/>\n<meta property=\"og:site_name\" content=\"La Ferme des 3 pommes\" \/>\n<meta property=\"article:modified_time\" content=\"2025-07-18T01:19:04+00:00\" \/>\n<meta property=\"og:image\" content=\"http:\/\/lafermedes3pommes.fr\/wp-content\/uploads\/2025\/05\/ferme-3-pommes-visite-1.jpg\" \/>\n<meta name=\"twitter:card\" content=\"summary_large_image\" \/>\n<meta name=\"twitter:label1\" content=\"Dur\u00e9e de lecture estim\u00e9e\" \/>\n\t<meta name=\"twitter:data1\" content=\"3 minutes\" \/>\n<script type=\"application\/ld+json\" class=\"yoast-schema-graph\">{\"@context\":\"https:\/\/schema.org\",\"@graph\":[{\"@type\":\"WebPage\",\"@id\":\"https:\/\/lafermedes3pommes.fr\/index.php\/la-ferme-pedagogique\/\",\"url\":\"https:\/\/lafermedes3pommes.fr\/index.php\/la-ferme-pedagogique\/\",\"name\":\"La ferme p\u00e9dagogique - La Ferme des 3 pommes\",\"isPartOf\":{\"@id\":\"https:\/\/lafermedes3pommes.fr\/#website\"},\"primaryImageOfPage\":{\"@id\":\"https:\/\/lafermedes3pommes.fr\/index.php\/la-ferme-pedagogique\/#primaryimage\"},\"image\":{\"@id\":\"https:\/\/lafermedes3pommes.fr\/index.php\/la-ferme-pedagogique\/#primaryimage\"},\"thumbnailUrl\":\"http:\/\/lafermedes3pommes.fr\/wp-content\/uploads\/2025\/05\/ferme-3-pommes-visite-1.jpg\",\"datePublished\":\"2025-05-29T14:20:26+00:00\",\"dateModified\":\"2025-07-18T01:19:04+00:00\",\"breadcrumb\":{\"@id\":\"https:\/\/lafermedes3pommes.fr\/index.php\/la-ferme-pedagogique\/#breadcrumb\"},\"inLanguage\":\"fr-FR\",\"potentialAction\":[{\"@type\":\"ReadAction\",\"target\":[\"https:\/\/lafermedes3pommes.fr\/index.php\/la-ferme-pedagogique\/\"]}]},{\"@type\":\"ImageObject\",\"inLanguage\":\"fr-FR\",\"@id\":\"https:\/\/lafermedes3pommes.fr\/index.php\/la-ferme-pedagogique\/#primaryimage\",\"url\":\"https:\/\/lafermedes3pommes.fr\/wp-content\/uploads\/2025\/05\/ferme-3-pommes-visite-1.jpg\",\"contentUrl\":\"https:\/\/lafermedes3pommes.fr\/wp-content\/uploads\/2025\/05\/ferme-3-pommes-visite-1.jpg\",\"width\":1536,\"height\":482},{\"@type\":\"BreadcrumbList\",\"@id\":\"https:\/\/lafermedes3pommes.fr\/index.php\/la-ferme-pedagogique\/#breadcrumb\",\"itemListElement\":[{\"@type\":\"ListItem\",\"position\":1,\"name\":\"Accueil\",\"item\":\"https:\/\/lafermedes3pommes.fr\/\"},{\"@type\":\"ListItem\",\"position\":2,\"name\":\"La ferme p\u00e9dagogique\"}]},{\"@type\":\"WebSite\",\"@id\":\"https:\/\/lafermedes3pommes.fr\/#website\",\"url\":\"https:\/\/lafermedes3pommes.fr\/\",\"name\":\"La Ferme des 3 pommes\",\"description\":\"\",\"publisher\":{\"@id\":\"https:\/\/lafermedes3pommes.fr\/#organization\"},\"potentialAction\":[{\"@type\":\"SearchAction\",\"target\":{\"@type\":\"EntryPoint\",\"urlTemplate\":\"https:\/\/lafermedes3pommes.fr\/?s={search_term_string}\"},\"query-input\":{\"@type\":\"PropertyValueSpecification\",\"valueRequired\":true,\"valueName\":\"search_term_string\"}}],\"inLanguage\":\"fr-FR\"},{\"@type\":\"Organization\",\"@id\":\"https:\/\/lafermedes3pommes.fr\/#organization\",\"name\":\"La Ferme des 3 pommes\",\"url\":\"https:\/\/lafermedes3pommes.fr\/\",\"logo\":{\"@type\":\"ImageObject\",\"inLanguage\":\"fr-FR\",\"@id\":\"https:\/\/lafermedes3pommes.fr\/#\/schema\/logo\/image\/\",\"url\":\"https:\/\/lafermedes3pommes.fr\/wp-content\/uploads\/2025\/05\/cropped-logo-ferme-des-3-pommes-2.png\",\"contentUrl\":\"https:\/\/lafermedes3pommes.fr\/wp-content\/uploads\/2025\/05\/cropped-logo-ferme-des-3-pommes-2.png\",\"width\":702,\"height\":162,\"caption\":\"La Ferme des 3 pommes\"},\"image\":{\"@id\":\"https:\/\/lafermedes3pommes.fr\/#\/schema\/logo\/image\/\"}}]}<\/script>\n<!-- \/ Yoast SEO plugin. -->","yoast_head_json":{"title":"La ferme p\u00e9dagogique - La Ferme des 3 pommes","robots":{"index":"index","follow":"follow","max-snippet":"max-snippet:-1","max-image-preview":"max-image-preview:large","max-video-preview":"max-video-preview:-1"},"canonical":"https:\/\/lafermedes3pommes.fr\/index.php\/la-ferme-pedagogique\/","og_locale":"fr_FR","og_type":"article","og_title":"La ferme p\u00e9dagogique - La Ferme des 3 pommes","og_description":"La ferme et le Savoir Vert\u00a0\u00a0 Le Savoir Vert\u00a0est un r\u00e9seau regroupant plus de 100 fermes p\u00e9dagogiques et plus de 138 agriculteurs et agricultrices form\u00e9s \u00e0 l\u2019accueil des \u00e9l\u00e8ves (de la maternelle au lyc\u00e9e). Des visites de fermes adapt\u00e9es aux cycles scolaires. Des animations en lien avec le projet p\u00e9dagogique de l\u2019enseignant. Une qualit\u00e9 p\u00e9dagogique &hellip; Lire la suite de\u00ab\u00a0La ferme p\u00e9dagogique\u00a0\u00bb","og_url":"https:\/\/lafermedes3pommes.fr\/index.php\/la-ferme-pedagogique\/","og_site_name":"La Ferme des 3 pommes","article_modified_time":"2025-07-18T01:19:04+00:00","og_image":[{"url":"http:\/\/lafermedes3pommes.fr\/wp-content\/uploads\/2025\/05\/ferme-3-pommes-visite-1.jpg","type":"","width":"","height":""}],"twitter_card":"summary_large_image","twitter_misc":{"Dur\u00e9e de lecture estim\u00e9e":"3 minutes"},"schema":{"@context":"https:\/\/schema.org","@graph":[{"@type":"WebPage","@id":"https:\/\/lafermedes3pommes.fr\/index.php\/la-ferme-pedagogique\/","url":"https:\/\/lafermedes3pommes.fr\/index.php\/la-ferme-pedagogique\/","name":"La ferme p\u00e9dagogique - La Ferme des 3 pommes","isPartOf":{"@id":"https:\/\/lafermedes3pommes.fr\/#website"},"primaryImageOfPage":{"@id":"https:\/\/lafermedes3pommes.fr\/index.php\/la-ferme-pedagogique\/#primaryimage"},"image":{"@id":"https:\/\/lafermedes3pommes.fr\/index.php\/la-ferme-pedagogique\/#primaryimage"},"thumbnailUrl":"http:\/\/lafermedes3pommes.fr\/wp-content\/uploads\/2025\/05\/ferme-3-pommes-visite-1.jpg","datePublished":"2025-05-29T14:20:26+00:00","dateModified":"2025-07-18T01:19:04+00:00","breadcrumb":{"@id":"https:\/\/lafermedes3pommes.fr\/index.php\/la-ferme-pedagogique\/#breadcrumb"},"inLanguage":"fr-FR","potentialAction":[{"@type":"ReadAction","target":["https:\/\/lafermedes3pommes.fr\/index.php\/la-ferme-pedagogique\/"]}]},{"@type":"ImageObject","inLanguage":"fr-FR","@id":"https:\/\/lafermedes3pommes.fr\/index.php\/la-ferme-pedagogique\/#primaryimage","url":"https:\/\/lafermedes3pommes.fr\/wp-content\/uploads\/2025\/05\/ferme-3-pommes-visite-1.jpg","contentUrl":"https:\/\/lafermedes3pommes.fr\/wp-content\/uploads\/2025\/05\/ferme-3-pommes-visite-1.jpg","width":1536,"height":482},{"@type":"BreadcrumbList","@id":"https:\/\/lafermedes3pommes.fr\/index.php\/la-ferme-pedagogique\/#breadcrumb","itemListElement":[{"@type":"ListItem","position":1,"name":"Accueil","item":"https:\/\/lafermedes3pommes.fr\/"},{"@type":"ListItem","position":2,"name":"La ferme p\u00e9dagogique"}]},{"@type":"WebSite","@id":"https:\/\/lafermedes3pommes.fr\/#website","url":"https:\/\/lafermedes3pommes.fr\/","name":"La Ferme des 3 pommes","description":"","publisher":{"@id":"https:\/\/lafermedes3pommes.fr\/#organization"},"potentialAction":[{"@type":"SearchAction","target":{"@type":"EntryPoint","urlTemplate":"https:\/\/lafermedes3pommes.fr\/?s={search_term_string}"},"query-input":{"@type":"PropertyValueSpecification","valueRequired":true,"valueName":"search_term_string"}}],"inLanguage":"fr-FR"},{"@type":"Organization","@id":"https:\/\/lafermedes3pommes.fr\/#organization","name":"La Ferme des 3 pommes","url":"https:\/\/lafermedes3pommes.fr\/","logo":{"@type":"ImageObject","inLanguage":"fr-FR","@id":"https:\/\/lafermedes3pommes.fr\/#\/schema\/logo\/image\/","url":"https:\/\/lafermedes3pommes.fr\/wp-content\/uploads\/2025\/05\/cropped-logo-ferme-des-3-pommes-2.png","contentUrl":"https:\/\/lafermedes3pommes.fr\/wp-content\/uploads\/2025\/05\/cropped-logo-ferme-des-3-pommes-2.png","width":702,"height":162,"caption":"La Ferme des 3 pommes"},"image":{"@id":"https:\/\/lafermedes3pommes.fr\/#\/schema\/logo\/image\/"}}]}},"featured_media_urls":[],"_links":{"self":[{"href":"https:\/\/lafermedes3pommes.fr\/index.php\/wp-json\/wp\/v2\/pages\/7174","targetHints":{"allow":["GET"]}}],"collection":[{"href":"https:\/\/lafermedes3pommes.fr\/index.php\/wp-json\/wp\/v2\/pages"}],"about":[{"href":"https:\/\/lafermedes3pommes.fr\/index.php\/wp-json\/wp\/v2\/types\/page"}],"author":[{"embeddable":true,"href":"https:\/\/lafermedes3pommes.fr\/index.php\/wp-json\/wp\/v2\/users\/1"}],"replies":[{"embeddable":true,"href":"https:\/\/lafermedes3pommes.fr\/index.php\/wp-json\/wp\/v2\/comments?post=7174"}],"version-history":[{"count":82,"href":"https:\/\/lafermedes3pommes.fr\/index.php\/wp-json\/wp\/v2\/pages\/7174\/revisions"}],"predecessor-version":[{"id":7685,"href":"https:\/\/lafermedes3pommes.fr\/index.php\/wp-json\/wp\/v2\/pages\/7174\/revisions\/7685"}],"wp:attachment":[{"href":"https:\/\/lafermedes3pommes.fr\/index.php\/wp-json\/wp\/v2\/media?parent=7174"}],"curies":[{"name":"wp","href":"https:\/\/api.w.org\/{rel}","templated":true}]}}